{"id":156,"date":"2022-12-05T09:51:02","date_gmt":"2022-12-05T07:51:02","guid":{"rendered":"https:\/\/torppis.fi\/?page_id=156"},"modified":"2022-12-07T12:10:14","modified_gmt":"2022-12-07T10:10:14","slug":"esittely","status":"publish","type":"page","link":"https:\/\/www.torppis.fi\/esittely\/","title":{"rendered":"Esittely"},"content":{"rendered":"\n<p>&#8211; Kortepohjan vanhemmat (<strong>KoVa<\/strong>) on rekister\u00f6im\u00e4t\u00f6n vanhempainyhdistys. Sen toimintaan voivat osallistua kaikki huoltajat, joilla on oppilaita Kortepohjan koulussa tai p\u00e4iv\u00e4kodeissa. Olemme laajentaneet toimintaamme p\u00e4iv\u00e4kotien puolelle, jotta voimme jo rakentaa tulevan p\u00e4iv\u00e4kotikoulun toimintakulttuuria.<\/p>\n\n\n\n<p>&#8211; Kokoukset ovat 1-2 kuukauden v\u00e4lein koululla arki-iltaisin. <em>Korona-aikana k\u00e4yt\u00e4mme Meet-kokousta. <\/em>Koulun edustaja (rehtori) aina mukana kokouksissa. N\u00e4iss\u00e4 tapaamisissa k\u00e4ymme l\u00e4pi ajankohtaisia koulun ja kodin yhteisi\u00e4 asioita.<\/p>\n\n\n\n<p>&#8211; KoVa:lla omat nettisivut, joiden linkki n\u00e4kyv\u00e4sti esill\u00e4 Peda.netiss\u00e4 koulumme etusivulla. Sielt\u00e4 l\u00f6ytyy my\u00f6s tulevan kokouksen ajankohta sek\u00e4 linkki kyseiseen Meet-kokoukseen. Ep\u00e4virallisena viestint\u00e4kanavana toimii KoVa:n WhatsApp-ryhm\u00e4.<\/p>\n\n\n\n<p>&#8211; Yhdistyksen teht\u00e4v\u00e4n\u00e4 on tukea toiminnallaan kodin ja koulun v\u00e4list\u00e4 yhteisty\u00f6t\u00e4 lasten parhaaksi. Luokkaedustajat toimivat yhteyshenkil\u00f6n\u00e4, v\u00e4litt\u00e4en tietoa kotien ja koulun v\u00e4lill\u00e4. Luokkaedustajat ovat vanhempien \u00e4\u00e4ni kokouksissa.<\/p>\n\n\n\n<p>&#8211; Osallistumme koulun toimintaohjeiden laatimiseen, yhteis\u00f6lliseen oppilashuotoryhm\u00e4\u00e4n, tulevan Kortepohjan p\u00e4iv\u00e4kotikoulun suunnitteluryhm\u00e4\u00e4n, ym.<\/p>\n\n\n\n<p>&#8211; KoVa toimii my\u00f6s vaikuttajana kaupungin instansseihin p\u00e4in ja tekee esityksi\u00e4 oppilaiden liikenneturvallisuuteen liittyviss\u00e4 ym. asioissa.<br><\/p>\n\n\n\n<p>&#8211; Teemme yhteisty\u00f6t\u00e4 Jyv\u00e4skyl\u00e4n vanhempainfoorumi ry:n kanssa. Olemme osallistuneet vanhempainfoorumin j\u00e4rjest\u00e4miin tapahtumiin ja koulutuksiin.<\/p>\n\n\n\n<p>&#8211; KoVa on ollut aktiivinen j\u00e4rjest\u00e4j\u00e4 vuosittaisessa Opetushallituksen ideoimassa \u201dMaailman suurin vanhempainilta\u201d -tapahtumassa.<\/p>\n\n\n\n<p>&#8211; KoVa:n tavoite on auttaa vanhempia j\u00e4rjest\u00e4m\u00e4ll\u00e4 infoiltoja monista lasten ja nuorten hyvinvointiin liittyvist\u00e4 aiheista, kuten somek\u00e4ytt\u00e4ytyminen ja mediakasvatus, kiusaamiseen puuttuminen ja sen ehk\u00e4iseminen. <em>Jotain on jo toteutettu, mutta toivomme, ett\u00e4 koronarajoitusten purkamisen j\u00e4lkeen p\u00e4\u00e4st\u00e4\u00e4n j\u00e4lleen n\u00e4iden t\u00e4rkeiden aiheiden pariin.<\/em><\/p>\n\n\n\n<p>&#8211; Olemme j\u00e4rjest\u00e4neet Kev\u00e4tmarkkinat, joiden yhteydess\u00e4 arpajaiset sek\u00e4 huutokaupan, joista saatuja tuottoja olemme k\u00e4ytt\u00e4neet \u201dIloinen Liikkuja\u201d -stipendeihin, joka my\u00f6nnet\u00e4\u00e4n 3 lk:n oppilaalle. Kolkeille siksi, ett\u00e4 heille ei my\u00f6nnet\u00e4 muita stipendej\u00e4. Lis\u00e4ksi tarkoitus on hankkia liikuntav\u00e4lineit\u00e4 v\u00e4litunneille ja rahoittaa kuljetuksia ekskursioiden yhteydess\u00e4.<\/p>\n\n\n\n<p>&#8211; KoValaiset kannustavat kaikkia kiinnostuneita tulemaan ns. matalalla kynnyksell\u00e4 mukaan toimintaan. Mit\u00e4\u00e4n l\u00e4sn\u00e4olopakkoa ei ole, vaan &nbsp;kokoukseen voi tulla ehtiess\u00e4\u00e4n. Meill\u00e4 kaikilla vanhemmilla on jotain erityisosaamista tai kokemusta, jota voimme jakaa muille. Siit\u00e4 &nbsp;esimerkki alla:<\/p>\n\n\n\n<p>&#8211; V\u00e4ist\u00f6koulu Voionmaalle muuton yhteydess\u00e4 toteutti monitaitoinen puheenjohtajamme Jussi Ahonen oivan ideansa ja teki uudesta suositellusta (laatinut liikennesuunnittelija Janne H\u00f6ltt\u00e4) <a href=\"https:\/\/www.youtube.com\/watch?v=O168Fn21KlA\" rel=\"noreferrer noopener\" target=\"_blank\">koulumatkasta 360-virtuaalisen<\/a> version, joka julkaistiin Peda.netiss\u00e4. T\u00e4m\u00e4n videon avulla pystyiv\u00e4t perheet etuk\u00e4teen tutustumaan uuteen pidemp\u00e4\u00e4n koulumatkaan. Videosta on apua my\u00f6s tuleville kortepohjalaisille epuille.<\/p>\n","protected":false},"excerpt":{"rendered":"<p>&#8211; Kortepohjan vanhemmat (KoVa) on rekister\u00f6im\u00e4t\u00f6n vanhempainyhdistys. Sen toimintaan voivat osallistua kaikki huoltajat, joilla on oppilaita Kortepohjan koulussa tai p\u00e4iv\u00e4kodeissa. Olemme laajentaneet toimintaamme p\u00e4iv\u00e4kotien puolelle, jotta voimme jo rakentaa tulevan p\u00e4iv\u00e4kotikoulun toimintakulttuuria. &#8211; Kokoukset ovat 1-2 kuukauden v\u00e4lein koululla arki-iltaisin. Korona-aikana k\u00e4yt\u00e4mme Meet-kokousta. Koulun edustaja (rehtori) aina mukana kokouksissa. N\u00e4iss\u00e4&#8230;<\/p>\n","protected":false},"author":3,"featured_media":0,"parent":0,"menu_order":0,"comment_status":"closed","ping_status":"closed","template":"","meta":{"footnotes":""},"class_list":["post-156","page","type-page","status-publish","hentry"],"_links":{"self":[{"href":"https:\/\/www.torppis.fi\/wp-json\/wp\/v2\/pages\/156","targetHints":{"allow":["GET"]}}],"collection":[{"href":"https:\/\/www.torppis.fi\/wp-json\/wp\/v2\/pages"}],"about":[{"href":"https:\/\/www.torppis.fi\/wp-json\/wp\/v2\/types\/page"}],"author":[{"embeddable":true,"href":"https:\/\/www.torppis.fi\/wp-json\/wp\/v2\/users\/3"}],"replies":[{"embeddable":true,"href":"https:\/\/www.torppis.fi\/wp-json\/wp\/v2\/comments?post=156"}],"version-history":[{"count":4,"href":"https:\/\/www.torppis.fi\/wp-json\/wp\/v2\/pages\/156\/revisions"}],"predecessor-version":[{"id":168,"href":"https:\/\/www.torppis.fi\/wp-json\/wp\/v2\/pages\/156\/revisions\/168"}],"wp:attachment":[{"href":"https:\/\/www.torppis.fi\/wp-json\/wp\/v2\/media?parent=156"}],"curies":[{"name":"wp","href":"https:\/\/api.w.org\/{rel}","templated":true}]}}