{"id":164,"date":"2022-12-05T12:32:43","date_gmt":"2022-12-05T10:32:43","guid":{"rendered":"https:\/\/torppis.fi\/?page_id=164"},"modified":"2022-12-07T12:13:12","modified_gmt":"2022-12-07T10:13:12","slug":"uutiset","status":"publish","type":"page","link":"https:\/\/www.torppis.fi\/uutiset\/","title":{"rendered":"Uutiset"},"content":{"rendered":"\n<p><\/p>\n\n\n\n<p><\/p>\n\n\n\n<p><\/p>\n\n\n\n<p><\/p>\n\n\n\n<figure class=\"wp-block-table\"><table><tbody><tr><td>Viimeisimm\u00e4t artikkelit<\/td><\/tr><\/tbody><\/table><\/figure>\n\n\n<ul class=\"wp-block-latest-posts__list wp-block-latest-posts\"><li><a class=\"wp-block-latest-posts__post-title\" href=\"https:\/\/www.torppis.fi\/perheliikuntakerho-tiistaisin-koulun-liikuntasalissa-klo-17-18-in-english-please-see-below-2\/\">Perheliikuntakerho tiistaisin koulun liikuntasalissa klo 17-18 (in English, please see below)<\/a><\/li>\n<li><a class=\"wp-block-latest-posts__post-title\" href=\"https:\/\/www.torppis.fi\/torppis-toiminta-2023-24\/\">Torppis toiminta 2023-24<\/a><\/li>\n<li><a class=\"wp-block-latest-posts__post-title\" href=\"https:\/\/www.torppis.fi\/kannykan-kaytto-koulualueella-pdf-use-of-mobile-phones-in-school-area-pdf\/\">K\u00e4nnyk\u00e4n k\u00e4ytt\u00f6 koulualueella PDF \/ Use of mobile phones in school area PDF<\/a><\/li>\n<li><a class=\"wp-block-latest-posts__post-title\" href=\"https:\/\/www.torppis.fi\/perheliikuntakerho-tiistaisin-koulun-liikuntasalissa-klo-17-18-in-english-please-see-below\/\">Perheliikuntakerho tiistaisin koulun liikuntasalissa klo 17-18 (in English, please see below)<\/a><\/li>\n<li><a class=\"wp-block-latest-posts__post-title\" href=\"https:\/\/www.torppis.fi\/halloween-bileiden-verkkokauppa\/\">Halloween-bileiden verkkokauppa<\/a><\/li>\n<\/ul>","protected":false},"excerpt":{"rendered":"<p>Viimeisimm\u00e4t artikkelit<\/p>\n","protected":false},"author":3,"featured_media":0,"parent":0,"menu_order":0,"comment_status":"closed","ping_status":"closed","template":"","meta":{"footnotes":""},"class_list":["post-164","page","type-page","status-publish","hentry"],"_links":{"self":[{"href":"https:\/\/www.torppis.fi\/wp-json\/wp\/v2\/pages\/164","targetHints":{"allow":["GET"]}}],"collection":[{"href":"https:\/\/www.torppis.fi\/wp-json\/wp\/v2\/pages"}],"about":[{"href":"https:\/\/www.torppis.fi\/wp-json\/wp\/v2\/types\/page"}],"author":[{"embeddable":true,"href":"https:\/\/www.torppis.fi\/wp-json\/wp\/v2\/users\/3"}],"replies":[{"embeddable":true,"href":"https:\/\/www.torppis.fi\/wp-json\/wp\/v2\/comments?post=164"}],"version-history":[{"count":3,"href":"https:\/\/www.torppis.fi\/wp-json\/wp\/v2\/pages\/164\/revisions"}],"predecessor-version":[{"id":171,"href":"https:\/\/www.torppis.fi\/wp-json\/wp\/v2\/pages\/164\/revisions\/171"}],"wp:attachment":[{"href":"https:\/\/www.torppis.fi\/wp-json\/wp\/v2\/media?parent=164"}],"curies":[{"name":"wp","href":"https:\/\/api.w.org\/{rel}","templated":true}]}}