{"id":174,"date":"2022-12-07T12:18:58","date_gmt":"2022-12-07T10:18:58","guid":{"rendered":"https:\/\/torppis.fi\/?page_id=174"},"modified":"2022-12-13T10:53:06","modified_gmt":"2022-12-13T08:53:06","slug":"main","status":"publish","type":"page","link":"https:\/\/www.torppis.fi\/main\/","title":{"rendered":"Menossa Mukana"},"content":{"rendered":"\n<h2 class=\"has-text-align-center wp-block-heading\"><strong>Yleist\u00e4<\/strong><\/h2>\n\n\n\n<p class=\"has-text-align-center\">\u2013 Kortepohjan vanhemmat (<strong>KoVa<\/strong>) on rekister\u00f6im\u00e4t\u00f6n vanhempainyhdistys. Sen toimintaan voivat osallistua kaikki huoltajat, joilla on oppilaita Kortepohjan koulussa tai p\u00e4iv\u00e4kodeissa. Olemme laajentaneet toimintaamme p\u00e4iv\u00e4kotien puolelle, jotta voimme jo rakentaa tulevan p\u00e4iv\u00e4kotikoulun toimintakulttuuria.<\/p>\n\n\n\n<p class=\"has-text-align-center\">\u2013 Kokoukset ovat 1-2 kuukauden v\u00e4lein koululla arki-iltaisin. <em>Korona-aikana k\u00e4yt\u00e4mme Meet-kokousta. <\/em>Koulun edustaja (rehtori) aina mukana kokouksissa. N\u00e4iss\u00e4 tapaamisissa k\u00e4ymme l\u00e4pi ajankohtaisia koulun ja kodin yhteisi\u00e4 asioita.<\/p>\n\n\n\n<p class=\"has-text-align-center\"><a href=\"https:\/\/www.torppis.fi\/esittely\/\"><strong>Lis\u00e4\u00e4..<\/strong><\/a><\/p>\n\n\n\n<div style=\"height:39px\" aria-hidden=\"true\" class=\"wp-block-spacer\"><\/div>\n\n\n\n<h2 class=\"has-text-align-center wp-block-heading\"><a rel=\"noreferrer noopener\" href=\"https:\/\/torppis.sumupstore.com\/\" target=\"_blank\"><strong>Torppis-Kauppa<\/strong><\/a><\/h2>\n\n\n\n<h2 class=\"has-text-align-center wp-block-heading\"><a href=\"https:\/\/www.torppis.fi\/uutiset\/\">Uutiset<\/a><\/h2>\n\n\n\n<h2 class=\"has-text-align-center wp-block-heading\"><a href=\"https:\/\/www.torppis.fi\/dokumentti-pankki\/\">DokumenttiPankki<\/a><\/h2>\n\n\n\n<h2 class=\"has-text-align-center wp-block-heading\"><a href=\"https:\/\/www.torppis.fi\/tapahtumat\/kuukausi\/\">Kalenteri<\/a><\/h2>\n","protected":false},"excerpt":{"rendered":"<p>Yleist\u00e4 \u2013 Kortepohjan vanhemmat (KoVa) on rekister\u00f6im\u00e4t\u00f6n vanhempainyhdistys. Sen toimintaan voivat osallistua kaikki huoltajat, joilla on oppilaita Kortepohjan koulussa tai p\u00e4iv\u00e4kodeissa. Olemme laajentaneet toimintaamme p\u00e4iv\u00e4kotien puolelle, jotta voimme jo rakentaa tulevan p\u00e4iv\u00e4kotikoulun toimintakulttuuria. \u2013 Kokoukset ovat 1-2 kuukauden v\u00e4lein koululla arki-iltaisin. Korona-aikana k\u00e4yt\u00e4mme Meet-kokousta. Koulun edustaja (rehtori) aina mukana kokouksissa&#8230;.<\/p>\n","protected":false},"author":3,"featured_media":0,"parent":0,"menu_order":0,"comment_status":"closed","ping_status":"closed","template":"","meta":{"footnotes":""},"class_list":["post-174","page","type-page","status-publish","hentry"],"_links":{"self":[{"href":"https:\/\/www.torppis.fi\/wp-json\/wp\/v2\/pages\/174","targetHints":{"allow":["GET"]}}],"collection":[{"href":"https:\/\/www.torppis.fi\/wp-json\/wp\/v2\/pages"}],"about":[{"href":"https:\/\/www.torppis.fi\/wp-json\/wp\/v2\/types\/page"}],"author":[{"embeddable":true,"href":"https:\/\/www.torppis.fi\/wp-json\/wp\/v2\/users\/3"}],"replies":[{"embeddable":true,"href":"https:\/\/www.torppis.fi\/wp-json\/wp\/v2\/comments?post=174"}],"version-history":[{"count":17,"href":"https:\/\/www.torppis.fi\/wp-json\/wp\/v2\/pages\/174\/revisions"}],"predecessor-version":[{"id":229,"href":"https:\/\/www.torppis.fi\/wp-json\/wp\/v2\/pages\/174\/revisions\/229"}],"wp:attachment":[{"href":"https:\/\/www.torppis.fi\/wp-json\/wp\/v2\/media?parent=174"}],"curies":[{"name":"wp","href":"https:\/\/api.w.org\/{rel}","templated":true}]}}